{"id":71224,"date":"2024-05-10T08:19:56","date_gmt":"2024-05-10T08:19:56","guid":{"rendered":"https:\/\/www.mvgarden.com\/garden-center\/?page_id=71224"},"modified":"2024-06-26T07:15:57","modified_gmt":"2024-06-26T07:15:57","slug":"club-mundo-verde","status":"publish","type":"page","link":"https:\/\/www.mvgarden.com\/garden-center\/club-mundo-verde\/","title":{"rendered":"Club mundo verde"},"content":{"rendered":"<div id='header_mv_form'  class='avia-section main_color avia-section-default avia-no-border-styling  avia-full-stretch avia-bg-style-scroll  avia-builder-el-0  el_before_av_section  avia-builder-el-first   av-minimum-height av-minimum-height-custom  container_wrap sidebar_right' style='background-repeat: no-repeat; background-image: url(https:\/\/www.mvgarden.com\/garden-center\/wp-content\/uploads\/2024\/05\/adobe-stock-426666064.jpg);background-attachment: scroll; background-position: center center;  '  data-section-bg-repeat='stretch'><div class='container' style='height:495px'><main  role=\"main\" itemprop=\"mainContentOfPage\"  class='template-page content  av-content-small alpha units'><div class='post-entry post-entry-type-page post-entry-71224'><div class='entry-content-wrapper clearfix'>\n<div class='flex_column_table av-equal-height-column-flextable -flextable' ><div class=\"flex_column av_one_half  no_margin flex_column_table_cell av-equal-height-column av-align-middle av-zero-column-padding first  avia-builder-el-1  el_before_av_one_half  avia-builder-el-first  \" style='border-radius:0px; '><section class=\"av_textblock_section \"  itemscope=\"itemscope\" itemtype=\"https:\/\/schema.org\/CreativeWork\" ><div class='avia_textblock  '   itemprop=\"text\" ><h1><span class=\"boldt\">\u00daNETE<br \/>\nGRATIS AL CLUB<\/span><br \/>\nMUNDO VERDE<\/h1>\n<div class=\"subtitle_mv\">Te devolvemos el 5% de tus compras*<\/div>\n<div class=\"aviso_legalmv\">*Todas tus compras acumulan la devoluci\u00f3n del 5%* del total del ticket de compra, trimestralmente te enviamos un sms informando los \u20acurogardens de los que dispondr\u00e1s dos meses de caducidad. 1 \u20acurogarden = 1 \u20ac<\/div>\n<div id=\"logo_mv_form\"><img decoding=\"async\" class=\"alignnone size-full wp-image-71235\" src=\"https:\/\/www.mvgarden.com\/garden-center\/wp-content\/uploads\/2024\/05\/logo_mv_form.png\" alt=\"Garden Center Sopela\" width=\"127\" height=\"97\" \/><\/div>\n<\/div><\/section><\/div><div class=\"flex_column av_one_half  no_margin flex_column_table_cell av-equal-height-column av-align-middle av-zero-column-padding   avia-builder-el-3  el_after_av_one_half  avia-builder-el-last  \" style='border-radius:0px; '><\/div><\/div><!--close column table wrapper. Autoclose: 1 -->\n\n<\/div><\/div><\/main><!-- close content main element --><\/div><\/div><div id='formulario_mundo_verdex'  class='avia-section main_color avia-section-default avia-no-border-styling  avia-bg-style-scroll  avia-builder-el-4  el_after_av_section  avia-builder-el-last   container_wrap sidebar_right' style=' '  ><div class='container' ><div class='template-page content  av-content-small alpha units'><div class='post-entry post-entry-type-page post-entry-71224'><div class='entry-content-wrapper clearfix'>\n\n<section class=\"av_textblock_section \"  id=\"condiciones_mv\"  itemscope=\"itemscope\" itemtype=\"https:\/\/schema.org\/CreativeWork\" ><div class='avia_textblock  '   itemprop=\"text\" ><h2>Condiciones de la promoci\u00f3n<\/h2>\n<p>La condici\u00f3n de socio del club y beneficiario de las ventajas es personal e intransferible, por lo que podr\u00e1 ser solicitado un documento que acredite al identidad del usuario. Su validez ser\u00e1 determinada por Casa Reina S.A.<br \/>\nEl uso indebido de las ventajas y beneficios de cada socio ser\u00e1 motivo de cancelaci\u00f3n autom\u00e1tica de \u00e9sta y de los beneficios acumulados hasta el momento.<br \/>\nSolo se podr\u00e1n generar beneficios de la generaci\u00f3n del vale trimestral y otras promociones si se identifica como socio en el momento de realizar la compra. Los beneficios acumulados en una cuenta no podr\u00e1n transferirse a otra.<br \/>\nCasa Reina S.A. se reserva el derecho de realizar alg\u00fan cambio o cancelaci\u00f3n de los beneficios del programa.<br \/>\nNo acumulan \u2018\u20acurogardens\u2019: los productos en oferta, liquidaci\u00f3n y promoci\u00f3n no acumulan puntos de fidelizaci\u00f3n, y los art\u00edculos que pertenecen a las siguientes familias: Plantas de exterior e interior en saldo, maquinaria y mobiliario de jard\u00edn, Centros, ramos y arreglos florales de flor natural y servicios de florister\u00eda, libros, animales vivos, medicamentos para animales, comida congelada peces, alimento vivo y congelado para animales, productos de estanques, golosinas, portes, mano de obra, obras de jardiner\u00eda.<br \/>\nPara canjear los \u2018\u20acurgoardens\u2019 presente el vale o SMS en el momento de compra. El vale lleva fecha de caducidad, una vez caducado, no podr\u00e1 ser utilizado.<br \/>\nAutorizo el uso de los datos registrados en la Base de datos generada para el env\u00edo por sms y email de la informaci\u00f3n de comunicaci\u00f3n correspondiente a todo lo que concierne al Club Mundo Verde, como por ejemplo el env\u00edo de los \u20acurogardens disponibles, promociones y descuentos. En ning\u00fan caso se ceder\u00e1 a terceros los datos registrados<br \/>\nEl registro de mis datos realizado a trav\u00e9s de este formulario digital solicitando la adhesi\u00f3n de alta en el Club Mundo Vende de Garden Center Sopela, supone la expresa aceptaci\u00f3n de estas condiciones generales del programa de fidelizaci\u00f3n de Garden Center Sopela denominado \u201cClub Mundo Verde\u201d.<\/p>\n<p>De conformidad con lo dispuesto en la ley org\u00e1nica 15\/1999 de 13 de diciembre, sobre Protecci\u00f3n de Datos de Car\u00e1cter Personal, le informamos que sus datos pasar\u00e1n a formar parte de un fichero automatizado titularidad de Casa Reina S.A, con la finalidad de mantenerle informado de todas las actividades que puedan ser de su inter\u00e9s. En ning\u00fan caso se ceder\u00e1 a terceros los datos registrados. En todo momento usted podr\u00e1 ejercitar sus derechos de acceso, rectificaci\u00f3n, cancelaci\u00f3n y oposici\u00f3n al tratamiento de sus datos, dirigiendo una comunicaci\u00f3n por escrito a Casa Reina S.A. C\/ Gatzarrine 67 &#8211; 48600 Sopelana (Bizkaia) o a trav\u00e9s del correo electr\u00f3nico consultas@mvgarden.com<\/p>\n<\/div><\/section>\n<\/div><\/div><\/div><!-- close content main div --><\/div><\/div><div id='after_section_2'  class='main_color av_default_container_wrap container_wrap sidebar_right' style=' '  ><div class='container' ><div class='template-page content  av-content-small alpha units'><div class='post-entry post-entry-type-page post-entry-71224'><div class='entry-content-wrapper clearfix'>\n","protected":false},"excerpt":{"rendered":"","protected":false},"author":3,"featured_media":0,"parent":0,"menu_order":0,"comment_status":"closed","ping_status":"closed","template":"","meta":{"inline_featured_image":false,"footnotes":""},"class_list":["post-71224","page","type-page","status-publish","hentry"],"yoast_head":"<!-- This site is optimized with the Yoast SEO plugin v27.3 - https:\/\/yoast.com\/product\/yoast-seo-wordpress\/ -->\n<title>Club mundo verde - Mvgarden<\/title>\n<meta name=\"robots\" content=\"index, follow, max-snippet:-1, max-image-preview:large, max-video-preview:-1\" \/>\n<link rel=\"canonical\" href=\"https:\/\/www.mvgarden.com\/garden-center\/club-mundo-verde\/\" \/>\n<meta property=\"og:locale\" content=\"es_ES\" \/>\n<meta property=\"og:type\" content=\"article\" \/>\n<meta property=\"og:title\" content=\"Club mundo verde - Mvgarden\" \/>\n<meta property=\"og:url\" content=\"https:\/\/www.mvgarden.com\/garden-center\/club-mundo-verde\/\" \/>\n<meta property=\"og:site_name\" content=\"Mvgarden\" \/>\n<meta property=\"article:publisher\" content=\"https:\/\/www.facebook.com\/mvgarden.sopelana\/\" \/>\n<meta property=\"article:modified_time\" content=\"2024-06-26T07:15:57+00:00\" \/>\n<meta property=\"og:image\" content=\"https:\/\/www.mvgarden.com\/garden-center\/wp-content\/uploads\/2024\/05\/logo_mv_form.png\" \/>\n<meta name=\"twitter:card\" content=\"summary_large_image\" \/>\n<meta name=\"twitter:label1\" content=\"Tiempo de lectura\" \/>\n\t<meta name=\"twitter:data1\" content=\"4 minutos\" \/>\n<script type=\"application\/ld+json\" class=\"yoast-schema-graph\">{\"@context\":\"https:\\\/\\\/schema.org\",\"@graph\":[{\"@type\":\"WebPage\",\"@id\":\"https:\\\/\\\/www.mvgarden.com\\\/garden-center\\\/club-mundo-verde\\\/\",\"url\":\"https:\\\/\\\/www.mvgarden.com\\\/garden-center\\\/club-mundo-verde\\\/\",\"name\":\"Club mundo verde - Mvgarden\",\"isPartOf\":{\"@id\":\"https:\\\/\\\/www.mvgarden.com\\\/garden-center\\\/#website\"},\"primaryImageOfPage\":{\"@id\":\"https:\\\/\\\/www.mvgarden.com\\\/garden-center\\\/club-mundo-verde\\\/#primaryimage\"},\"image\":{\"@id\":\"https:\\\/\\\/www.mvgarden.com\\\/garden-center\\\/club-mundo-verde\\\/#primaryimage\"},\"thumbnailUrl\":\"https:\\\/\\\/www.mvgarden.com\\\/garden-center\\\/wp-content\\\/uploads\\\/2024\\\/05\\\/logo_mv_form.png\",\"datePublished\":\"2024-05-10T08:19:56+00:00\",\"dateModified\":\"2024-06-26T07:15:57+00:00\",\"breadcrumb\":{\"@id\":\"https:\\\/\\\/www.mvgarden.com\\\/garden-center\\\/club-mundo-verde\\\/#breadcrumb\"},\"inLanguage\":\"es\",\"potentialAction\":[{\"@type\":\"ReadAction\",\"target\":[\"https:\\\/\\\/www.mvgarden.com\\\/garden-center\\\/club-mundo-verde\\\/\"]}]},{\"@type\":\"ImageObject\",\"inLanguage\":\"es\",\"@id\":\"https:\\\/\\\/www.mvgarden.com\\\/garden-center\\\/club-mundo-verde\\\/#primaryimage\",\"url\":\"https:\\\/\\\/www.mvgarden.com\\\/garden-center\\\/wp-content\\\/uploads\\\/2024\\\/05\\\/logo_mv_form.png\",\"contentUrl\":\"https:\\\/\\\/www.mvgarden.com\\\/garden-center\\\/wp-content\\\/uploads\\\/2024\\\/05\\\/logo_mv_form.png\",\"width\":127,\"height\":97,\"caption\":\"Garden Center Sopela\"},{\"@type\":\"BreadcrumbList\",\"@id\":\"https:\\\/\\\/www.mvgarden.com\\\/garden-center\\\/club-mundo-verde\\\/#breadcrumb\",\"itemListElement\":[{\"@type\":\"ListItem\",\"position\":1,\"name\":\"Portada\",\"item\":\"https:\\\/\\\/www.mvgarden.com\\\/garden-center\\\/\"},{\"@type\":\"ListItem\",\"position\":2,\"name\":\"Club mundo verde\"}]},{\"@type\":\"WebSite\",\"@id\":\"https:\\\/\\\/www.mvgarden.com\\\/garden-center\\\/#website\",\"url\":\"https:\\\/\\\/www.mvgarden.com\\\/garden-center\\\/\",\"name\":\"Garden Center\",\"description\":\"Garden center Sopela\",\"publisher\":{\"@id\":\"https:\\\/\\\/www.mvgarden.com\\\/garden-center\\\/#organization\"},\"potentialAction\":[{\"@type\":\"SearchAction\",\"target\":{\"@type\":\"EntryPoint\",\"urlTemplate\":\"https:\\\/\\\/www.mvgarden.com\\\/garden-center\\\/?s={search_term_string}\"},\"query-input\":{\"@type\":\"PropertyValueSpecification\",\"valueRequired\":true,\"valueName\":\"search_term_string\"}}],\"inLanguage\":\"es\"},{\"@type\":\"Organization\",\"@id\":\"https:\\\/\\\/www.mvgarden.com\\\/garden-center\\\/#organization\",\"name\":\"Garden Center\",\"url\":\"https:\\\/\\\/www.mvgarden.com\\\/garden-center\\\/\",\"logo\":{\"@type\":\"ImageObject\",\"inLanguage\":\"es\",\"@id\":\"https:\\\/\\\/www.mvgarden.com\\\/garden-center\\\/#\\\/schema\\\/logo\\\/image\\\/\",\"url\":\"https:\\\/\\\/www.mvgarden.com\\\/garden-center\\\/wp-content\\\/uploads\\\/2024\\\/05\\\/logo_mv_form.png\",\"contentUrl\":\"https:\\\/\\\/www.mvgarden.com\\\/garden-center\\\/wp-content\\\/uploads\\\/2024\\\/05\\\/logo_mv_form.png\",\"width\":127,\"height\":97,\"caption\":\"Garden Center\"},\"image\":{\"@id\":\"https:\\\/\\\/www.mvgarden.com\\\/garden-center\\\/#\\\/schema\\\/logo\\\/image\\\/\"},\"sameAs\":[\"https:\\\/\\\/www.facebook.com\\\/mvgarden.sopelana\\\/\",\"https:\\\/\\\/www.instagram.com\\\/gardencentersopela\"]}]}<\/script>\n<!-- \/ Yoast SEO plugin. -->","yoast_head_json":{"title":"Club mundo verde - Mvgarden","robots":{"index":"index","follow":"follow","max-snippet":"max-snippet:-1","max-image-preview":"max-image-preview:large","max-video-preview":"max-video-preview:-1"},"canonical":"https:\/\/www.mvgarden.com\/garden-center\/club-mundo-verde\/","og_locale":"es_ES","og_type":"article","og_title":"Club mundo verde - Mvgarden","og_url":"https:\/\/www.mvgarden.com\/garden-center\/club-mundo-verde\/","og_site_name":"Mvgarden","article_publisher":"https:\/\/www.facebook.com\/mvgarden.sopelana\/","article_modified_time":"2024-06-26T07:15:57+00:00","og_image":[{"url":"https:\/\/www.mvgarden.com\/garden-center\/wp-content\/uploads\/2024\/05\/logo_mv_form.png","type":"","width":"","height":""}],"twitter_card":"summary_large_image","twitter_misc":{"Tiempo de lectura":"4 minutos"},"schema":{"@context":"https:\/\/schema.org","@graph":[{"@type":"WebPage","@id":"https:\/\/www.mvgarden.com\/garden-center\/club-mundo-verde\/","url":"https:\/\/www.mvgarden.com\/garden-center\/club-mundo-verde\/","name":"Club mundo verde - Mvgarden","isPartOf":{"@id":"https:\/\/www.mvgarden.com\/garden-center\/#website"},"primaryImageOfPage":{"@id":"https:\/\/www.mvgarden.com\/garden-center\/club-mundo-verde\/#primaryimage"},"image":{"@id":"https:\/\/www.mvgarden.com\/garden-center\/club-mundo-verde\/#primaryimage"},"thumbnailUrl":"https:\/\/www.mvgarden.com\/garden-center\/wp-content\/uploads\/2024\/05\/logo_mv_form.png","datePublished":"2024-05-10T08:19:56+00:00","dateModified":"2024-06-26T07:15:57+00:00","breadcrumb":{"@id":"https:\/\/www.mvgarden.com\/garden-center\/club-mundo-verde\/#breadcrumb"},"inLanguage":"es","potentialAction":[{"@type":"ReadAction","target":["https:\/\/www.mvgarden.com\/garden-center\/club-mundo-verde\/"]}]},{"@type":"ImageObject","inLanguage":"es","@id":"https:\/\/www.mvgarden.com\/garden-center\/club-mundo-verde\/#primaryimage","url":"https:\/\/www.mvgarden.com\/garden-center\/wp-content\/uploads\/2024\/05\/logo_mv_form.png","contentUrl":"https:\/\/www.mvgarden.com\/garden-center\/wp-content\/uploads\/2024\/05\/logo_mv_form.png","width":127,"height":97,"caption":"Garden Center Sopela"},{"@type":"BreadcrumbList","@id":"https:\/\/www.mvgarden.com\/garden-center\/club-mundo-verde\/#breadcrumb","itemListElement":[{"@type":"ListItem","position":1,"name":"Portada","item":"https:\/\/www.mvgarden.com\/garden-center\/"},{"@type":"ListItem","position":2,"name":"Club mundo verde"}]},{"@type":"WebSite","@id":"https:\/\/www.mvgarden.com\/garden-center\/#website","url":"https:\/\/www.mvgarden.com\/garden-center\/","name":"Garden Center","description":"Garden center Sopela","publisher":{"@id":"https:\/\/www.mvgarden.com\/garden-center\/#organization"},"potentialAction":[{"@type":"SearchAction","target":{"@type":"EntryPoint","urlTemplate":"https:\/\/www.mvgarden.com\/garden-center\/?s={search_term_string}"},"query-input":{"@type":"PropertyValueSpecification","valueRequired":true,"valueName":"search_term_string"}}],"inLanguage":"es"},{"@type":"Organization","@id":"https:\/\/www.mvgarden.com\/garden-center\/#organization","name":"Garden Center","url":"https:\/\/www.mvgarden.com\/garden-center\/","logo":{"@type":"ImageObject","inLanguage":"es","@id":"https:\/\/www.mvgarden.com\/garden-center\/#\/schema\/logo\/image\/","url":"https:\/\/www.mvgarden.com\/garden-center\/wp-content\/uploads\/2024\/05\/logo_mv_form.png","contentUrl":"https:\/\/www.mvgarden.com\/garden-center\/wp-content\/uploads\/2024\/05\/logo_mv_form.png","width":127,"height":97,"caption":"Garden Center"},"image":{"@id":"https:\/\/www.mvgarden.com\/garden-center\/#\/schema\/logo\/image\/"},"sameAs":["https:\/\/www.facebook.com\/mvgarden.sopelana\/","https:\/\/www.instagram.com\/gardencentersopela"]}]}},"_links":{"self":[{"href":"https:\/\/www.mvgarden.com\/garden-center\/wp-json\/wp\/v2\/pages\/71224","targetHints":{"allow":["GET"]}}],"collection":[{"href":"https:\/\/www.mvgarden.com\/garden-center\/wp-json\/wp\/v2\/pages"}],"about":[{"href":"https:\/\/www.mvgarden.com\/garden-center\/wp-json\/wp\/v2\/types\/page"}],"author":[{"embeddable":true,"href":"https:\/\/www.mvgarden.com\/garden-center\/wp-json\/wp\/v2\/users\/3"}],"replies":[{"embeddable":true,"href":"https:\/\/www.mvgarden.com\/garden-center\/wp-json\/wp\/v2\/comments?post=71224"}],"version-history":[{"count":59,"href":"https:\/\/www.mvgarden.com\/garden-center\/wp-json\/wp\/v2\/pages\/71224\/revisions"}],"predecessor-version":[{"id":71303,"href":"https:\/\/www.mvgarden.com\/garden-center\/wp-json\/wp\/v2\/pages\/71224\/revisions\/71303"}],"wp:attachment":[{"href":"https:\/\/www.mvgarden.com\/garden-center\/wp-json\/wp\/v2\/media?parent=71224"}],"curies":[{"name":"wp","href":"https:\/\/api.w.org\/{rel}","templated":true}]}}